{"id":17,"date":"2023-06-01T10:24:37","date_gmt":"2023-06-01T08:24:37","guid":{"rendered":"https:\/\/karencayuela.com\/?page_id=17"},"modified":"2025-07-02T10:04:20","modified_gmt":"2025-07-02T08:04:20","slug":"accueil-2","status":"publish","type":"page","link":"https:\/\/karen-cayuela.com\/","title":{"rendered":""},"content":{"rendered":"\n<div class=\"wp-block-columns is-layout-flex wp-container-core-columns-is-layout-9d6595d7 wp-block-columns-is-layout-flex\">\n<div class=\"wp-block-column is-layout-flow wp-block-column-is-layout-flow\"><\/div>\n\n\n\n<div class=\"wp-block-column is-layout-flow wp-block-column-is-layout-flow\"><\/div>\n<\/div>\n\n\n\n<div class=\"wp-block-columns is-layout-flex wp-container-core-columns-is-layout-9d6595d7 wp-block-columns-is-layout-flex\">\n<div class=\"wp-block-column is-layout-flow wp-block-column-is-layout-flow\">\n<figure class=\"wp-block-image size-full\"><a href=\"https:\/\/les-dessous-de.karen-cayuela.com\/\" target=\"_blank\" rel=\" noreferrer noopener\"><img loading=\"lazy\" decoding=\"async\" width=\"366\" height=\"366\" src=\"https:\/\/karen-cayuela.com\/wp-content\/uploads\/2025\/06\/dessous-karen-1.jpg\" alt=\"\" class=\"wp-image-66\" srcset=\"https:\/\/karen-cayuela.com\/wp-content\/uploads\/2025\/06\/dessous-karen-1.jpg 366w, https:\/\/karen-cayuela.com\/wp-content\/uploads\/2025\/06\/dessous-karen-1-300x300.jpg 300w, https:\/\/karen-cayuela.com\/wp-content\/uploads\/2025\/06\/dessous-karen-1-150x150.jpg 150w\" sizes=\"auto, (max-width: 366px) 100vw, 366px\" \/><\/a><\/figure>\n<\/div>\n\n\n\n<div class=\"wp-block-column is-layout-flow wp-block-column-is-layout-flow\">\n<figure class=\"wp-block-image size-full\"><a href=\"https:\/\/le-yoga-de.karen-cayuela.com\/\" target=\"_blank\" rel=\" noreferrer noopener\"><img loading=\"lazy\" decoding=\"async\" width=\"366\" height=\"366\" src=\"https:\/\/karen-cayuela.com\/wp-content\/uploads\/2025\/06\/yoga-karen-1.jpg\" alt=\"\" class=\"wp-image-68\" srcset=\"https:\/\/karen-cayuela.com\/wp-content\/uploads\/2025\/06\/yoga-karen-1.jpg 366w, https:\/\/karen-cayuela.com\/wp-content\/uploads\/2025\/06\/yoga-karen-1-300x300.jpg 300w, https:\/\/karen-cayuela.com\/wp-content\/uploads\/2025\/06\/yoga-karen-1-150x150.jpg 150w\" sizes=\"auto, (max-width: 366px) 100vw, 366px\" \/><\/a><\/figure>\n<\/div>\n\n\n\n<div class=\"wp-block-column is-layout-flow wp-block-column-is-layout-flow\">\n<figure class=\"wp-block-image size-full\"><a href=\"https:\/\/les-dessous-de.karen-cayuela.com\/boutique\/\" target=\"_blank\" rel=\" noreferrer noopener\"><img loading=\"lazy\" decoding=\"async\" width=\"366\" height=\"366\" src=\"https:\/\/karen-cayuela.com\/wp-content\/uploads\/2025\/06\/art-1.jpg\" alt=\"\" class=\"wp-image-70\" srcset=\"https:\/\/karen-cayuela.com\/wp-content\/uploads\/2025\/06\/art-1.jpg 366w, https:\/\/karen-cayuela.com\/wp-content\/uploads\/2025\/06\/art-1-300x300.jpg 300w, https:\/\/karen-cayuela.com\/wp-content\/uploads\/2025\/06\/art-1-150x150.jpg 150w\" sizes=\"auto, (max-width: 366px) 100vw, 366px\" \/><\/a><\/figure>\n<\/div>\n\n\n\n<div class=\"wp-block-column is-layout-flow wp-block-column-is-layout-flow\">\n<figure class=\"wp-block-image size-full\"><a href=\"https:\/\/le-yoga-de.karen-cayuela.com\/accompagnement-a-lintime\/\"><img loading=\"lazy\" decoding=\"async\" width=\"366\" height=\"366\" src=\"https:\/\/karen-cayuela.com\/wp-content\/uploads\/2025\/06\/accompagnements-intime.jpg\" alt=\"\" class=\"wp-image-59\" srcset=\"https:\/\/karen-cayuela.com\/wp-content\/uploads\/2025\/06\/accompagnements-intime.jpg 366w, https:\/\/karen-cayuela.com\/wp-content\/uploads\/2025\/06\/accompagnements-intime-300x300.jpg 300w, https:\/\/karen-cayuela.com\/wp-content\/uploads\/2025\/06\/accompagnements-intime-150x150.jpg 150w\" sizes=\"auto, (max-width: 366px) 100vw, 366px\" \/><\/a><\/figure>\n<\/div>\n<\/div>\n\n\n\n<h2 class=\"wp-block-heading has-text-align-center\">Karen Cayuela<\/h2>\n\n\n\n<div class=\"wp-block-columns is-layout-flex wp-container-core-columns-is-layout-9d6595d7 wp-block-columns-is-layout-flex\">\n<div class=\"wp-block-column is-layout-flow wp-block-column-is-layout-flow\"><\/div>\n\n\n\n<div class=\"wp-block-column is-layout-flow wp-block-column-is-layout-flow\"><\/div>\n<\/div>\n\n\n\n<p>Passionn\u00e9e par les traditions ancestrales, les rituels et l&rsquo;alchimie interne, j&rsquo;ai \u00e9tudi\u00e9 et ne cesse d&rsquo;\u00e9tudier plusieurs disciplines, dont les Arts multimill\u00e9naires que sont le Tantrisme et le Tao\u00efsme. Exploratrice du sensible et artiste multipotentielle, je vous invite \u00e0 circuler parmi mes diff\u00e9rents moyens d&rsquo;expression :<\/p>\n\n\n\n<p>\u2606 la cr\u00e9ation de lingerie fine artisanale, \u00ab Lingerie C\u00e9r\u00e9monielle \u00bb pour M\u00e9decine de l&rsquo;\u00e2me<br>\u2606 l&rsquo;enseignement du Yoga, stages &amp; retraites<br>\u2606 la dimension artistique au travers de la peinture et de l&rsquo;\u00e9criture \u2013 cartes postales, livre et livrets en auto\u00e9dition<br>\u2606 l\u2019\u00ab\u00a0accompanouissement\u00a0\u00bb \u00e0 l\u2019Intime avec les \u00c9rotypes\u00ae<\/p>\n\n\n\n<p class=\"has-text-align-center\">\u22c6*\u2606 Suivez les liens en cliquant sur les vignettes \u2606*\u22c6<\/p>\n\n\n\n<p><\/p>\n","protected":false},"excerpt":{"rendered":"<p>Karen Cayuela Passionn\u00e9e par les traditions ancestrales, les rituels et l&rsquo;alchimie interne, j&rsquo;ai \u00e9tudi\u00e9 et ne cesse d&rsquo;\u00e9tudier plusieurs disciplines, dont les Arts multimill\u00e9naires que sont le Tantrisme et le Tao\u00efsme. Exploratrice du sensible et artiste multipotentielle, je vous invite \u00e0 circuler parmi mes diff\u00e9rents moyens d&rsquo;expression : \u2606 la&#8230;<\/p>\n<p> <a class=\"continue-reading-link\" href=\"https:\/\/karen-cayuela.com\/\"><span>Continue reading<\/span><i class=\"crycon-right-dir\"><\/i><\/a> <\/p>\n","protected":false},"author":3,"featured_media":0,"parent":0,"menu_order":0,"comment_status":"closed","ping_status":"closed","template":"templates\/template-onecolumn.php","meta":{"footnotes":""},"class_list":["post-17","page","type-page","status-publish","hentry"],"_links":{"self":[{"href":"https:\/\/karen-cayuela.com\/index.php\/wp-json\/wp\/v2\/pages\/17","targetHints":{"allow":["GET"]}}],"collection":[{"href":"https:\/\/karen-cayuela.com\/index.php\/wp-json\/wp\/v2\/pages"}],"about":[{"href":"https:\/\/karen-cayuela.com\/index.php\/wp-json\/wp\/v2\/types\/page"}],"author":[{"embeddable":true,"href":"https:\/\/karen-cayuela.com\/index.php\/wp-json\/wp\/v2\/users\/3"}],"replies":[{"embeddable":true,"href":"https:\/\/karen-cayuela.com\/index.php\/wp-json\/wp\/v2\/comments?post=17"}],"version-history":[{"count":26,"href":"https:\/\/karen-cayuela.com\/index.php\/wp-json\/wp\/v2\/pages\/17\/revisions"}],"predecessor-version":[{"id":83,"href":"https:\/\/karen-cayuela.com\/index.php\/wp-json\/wp\/v2\/pages\/17\/revisions\/83"}],"wp:attachment":[{"href":"https:\/\/karen-cayuela.com\/index.php\/wp-json\/wp\/v2\/media?parent=17"}],"curies":[{"name":"wp","href":"https:\/\/api.w.org\/{rel}","templated":true}]}}